{"id":27,"date":"2026-03-26T11:56:57","date_gmt":"2026-03-26T11:56:57","guid":{"rendered":"https:\/\/www.jamlikbarndom.fi\/?page_id=27"},"modified":"2026-04-10T17:54:32","modified_gmt":"2026-04-10T17:54:32","slug":"27-2","status":"publish","type":"page","link":"https:\/\/www.jamlikbarndom.fi\/","title":{"rendered":""},"content":{"rendered":"\n<div class=\"wp-block-group alignfull has-global-padding is-layout-constrained wp-container-core-group-is-layout-0c9c989a wp-block-group-is-layout-constrained\" style=\"min-height:0vh;margin-top:0;margin-bottom:0;padding-top:var(--wp--preset--spacing--70);padding-right:var(--wp--preset--spacing--40);padding-bottom:var(--wp--preset--spacing--70);padding-left:var(--wp--preset--spacing--40)\">\n<div class=\"wp-block-group has-global-padding is-layout-constrained wp-container-core-group-is-layout-346627ba wp-block-group-is-layout-constrained\">\n<h2 class=\"wp-block-heading has-text-align-center has-xx-large-font-size\" style=\"margin-right:0;margin-left:0;padding-right:0;padding-left:0\">Vad \u00e4r J\u00e4mlik Barndom?<\/h2>\n\n\n\n<p class=\"has-text-align-center\">J\u00e4mlik Barndom r.f. \u00e4r en tv\u00e5spr\u00e5kig f\u00f6rening som arbetar nationellt f\u00f6r att f\u00f6rebygga och bek\u00e4mpa barnfattigdom, med s\u00e4rskilt fokus p\u00e5 att ge alla barn tillg\u00e5ng till fritids-, kultur- och rekreationsupplevelser. Genom st\u00f6d, information och nya l\u00f6sningar vill vi skapa mer j\u00e4mlika m\u00f6jligheter till en trygg och meningsfull barndom f\u00f6r alla barn i Finland.<\/p>\n\n\n\n<div class=\"wp-block-buttons is-content-justification-center is-layout-flex wp-container-core-buttons-is-layout-a89b3969 wp-block-buttons-is-layout-flex\">\n<div class=\"wp-block-button\"><a class=\"wp-block-button__link wp-element-button\">L\u00e4s mer<\/a><\/div>\n<\/div>\n<\/div>\n<\/div>\n\n\n\n<figure class=\"wp-block-image size-large\"><img loading=\"lazy\" decoding=\"async\" width=\"1024\" height=\"311\" src=\"https:\/\/www.jamlikbarndom.fi\/wp-content\/uploads\/2026\/03\/file_000000008950720a93de297c0840d9d3-1024x311.png\" alt=\"\" class=\"wp-image-35\" srcset=\"https:\/\/www.jamlikbarndom.fi\/wp-content\/uploads\/2026\/03\/file_000000008950720a93de297c0840d9d3-1024x311.png 1024w, https:\/\/www.jamlikbarndom.fi\/wp-content\/uploads\/2026\/03\/file_000000008950720a93de297c0840d9d3-300x91.png 300w, https:\/\/www.jamlikbarndom.fi\/wp-content\/uploads\/2026\/03\/file_000000008950720a93de297c0840d9d3-768x234.png 768w, https:\/\/www.jamlikbarndom.fi\/wp-content\/uploads\/2026\/03\/file_000000008950720a93de297c0840d9d3.png 1536w\" sizes=\"auto, (max-width: 1024px) 100vw, 1024px\" \/><\/figure>\n\n\n\n<div class=\"wp-block-group alignfull is-style-section-1 has-global-padding is-layout-constrained wp-block-group-is-layout-constrained is-style-section-1--1\" style=\"margin-top:0;margin-bottom:0;padding-top:var(--wp--preset--spacing--80);padding-bottom:var(--wp--preset--spacing--80)\">\n<div class=\"wp-block-columns alignwide is-layout-flex wp-container-core-columns-is-layout-66fad18a wp-block-columns-is-layout-flex\">\n<div class=\"wp-block-column is-layout-flow wp-block-column-is-layout-flow\" style=\"padding-right:var(--wp--preset--spacing--50);flex-basis:45%\">\n<div class=\"wp-block-group has-global-padding is-layout-constrained wp-block-group-is-layout-constrained\" style=\"margin-top:-12vw\"><\/div>\n<\/div>\n\n\n\n<div class=\"wp-block-column is-vertically-aligned-center is-layout-flow wp-block-column-is-layout-flow\" style=\"padding-right:0;padding-left:0;flex-basis:50%\">\n<div class=\"wp-block-group is-vertical is-layout-flex wp-container-core-group-is-layout-fe9cc265 wp-block-group-is-layout-flex\">\n<h2 class=\"wp-block-heading is-style-text-annotation is-style-text-annotation--2\">Om oss<\/h2>\n<\/div>\n\n\n\n<p class=\"is-style-text-subtitle is-style-text-subtitle--3\">F\u00f6reningen J\u00e4mlik barndom rf. grundades 2023. F\u00f6reningen \u00e4r tv\u00e5spr\u00e5kig<br>och hemorten \u00e4r Helsingfors. Verksamhetsomr\u00e5det \u00e4r riksomfattande.<\/p>\n\n\n\n<p class=\"is-style-text-subtitle is-style-text-subtitle--4\"><br>Syftet med att grunda f\u00f6reningen ligger i att vi ser behovet av en f\u00f6rening<br>som enkom arbetar f\u00f6r att f\u00f6rebygga och bek\u00e4mpa barnfattigdom i form av<br>fritid-, kultur- och rekreationsupplevelser, och sammanst\u00e4lla samt sprida<br>information i \u00e4mnet. Syftet \u00e4r ocks\u00e5 att utvidga verksamheten och hitta p\u00e5<br>nya l\u00f6sningar. Verksamheten omfattar ocks\u00e5 olika former av st\u00f6d avsedda f\u00f6r<br>barn och barnfamiljer som \u00e4r utsatta f\u00f6r barnfattigdom.<\/p>\n\n\n\n<p class=\"is-style-text-subtitle is-style-text-subtitle--5\"><br>J\u00e4mlik barndom syftar till att fr\u00e4mja och underl\u00e4tta f\u00f6r familjer som \u00e4r<br>ekonomiskt utsatta s\u00e5 att barn och ungdomar i dessa familjer kan f\u00e5 positiva<br>upplevelser under barndomen. Vi \u00f6nskar att alla barn och ungdomar i Finland<br>har en alltmer j\u00e4mlika m\u00f6jligheter till en bra vardag.<\/p>\n\n\n\n<p class=\"is-style-text-subtitle is-style-text-subtitle--6\"><\/p>\n<\/div>\n<\/div>\n<\/div>\n\n\n\n<div class=\"wp-block-group alignfull has-global-padding is-layout-constrained wp-block-group-is-layout-constrained\" style=\"margin-top:0;margin-bottom:0;padding-top:var(--wp--preset--spacing--60);padding-bottom:var(--wp--preset--spacing--60)\">\n<div class=\"wp-block-columns alignwide is-layout-flex wp-container-core-columns-is-layout-74b2cda3 wp-block-columns-is-layout-flex\">\n<div class=\"wp-block-column is-layout-flow wp-block-column-is-layout-flow\"><\/div>\n\n\n\n<div class=\"wp-block-column is-layout-flow wp-block-column-is-layout-flow\" style=\"padding-top:0;padding-right:0;padding-bottom:0;padding-left:0\"><\/div>\n<\/div>\n\n\n\n<p>JiiBee Podcast p\u00e5 kommande&#8230;<\/p>\n<\/div>\n\n\n\n<div class=\"wp-block-group alignfull has-global-padding is-layout-constrained wp-block-group-is-layout-constrained\" style=\"margin-top:0;margin-bottom:0;padding-top:var(--wp--preset--spacing--60);padding-bottom:var(--wp--preset--spacing--60)\">\n<h2 class=\"wp-block-heading alignwide has-text-align-center\">Bli medlem<\/h2>\n\n\n\n<p class=\"has-text-align-center\">Meddela oss per epost om du vill bli medlem. Som medlem \u00e4r du direkt med och st\u00f6der oss i kampen mot barnfattigdom<\/p>\n\n\n\n<div style=\"height:var(--wp--preset--spacing--40)\" aria-hidden=\"true\" class=\"wp-block-spacer\"><\/div>\n\n\n\n<div class=\"wp-block-columns alignwide is-layout-flex wp-container-core-columns-is-layout-1d9f35bd wp-block-columns-is-layout-flex\">\n<div class=\"wp-block-column has-border-color is-layout-flow wp-block-column-is-layout-flow\" style=\"border-color:var(--wp--preset--color--accent-6);border-width:1px;border-radius:10px;padding-top:var(--wp--preset--spacing--50);padding-right:var(--wp--preset--spacing--50);padding-bottom:var(--wp--preset--spacing--50);padding-left:var(--wp--preset--spacing--50)\">\n<h3 class=\"wp-block-heading\" id=\"free\">Privatperson<\/h3>\n\n\n\n<p class=\"has-large-font-size\">20\u20ac\/\u00e5r<\/p>\n\n\n\n<ul style=\"padding-bottom:var(--wp--preset--spacing--20);padding-left:var(--wp--preset--spacing--20)\" class=\"wp-block-list is-style-checkmark-list has-small-font-size\">\n<li>Bl<\/li>\n\n\n\n<li>Nyhetsbev<\/li>\n\n\n\n<li><\/li>\n\n\n\n<li><\/li>\n\n\n\n<li><\/li>\n\n\n\n<li><\/li>\n<\/ul>\n\n\n\n<div class=\"wp-block-buttons is-content-justification-center is-layout-flex wp-container-core-buttons-is-layout-a89b3969 wp-block-buttons-is-layout-flex\">\n<div class=\"wp-block-button has-custom-width wp-block-button__width-100\"><a class=\"wp-block-button__link wp-element-button\">bli medlem<\/a><\/div>\n<\/div>\n<\/div>\n\n\n\n<div class=\"wp-block-column has-border-color is-layout-flow wp-block-column-is-layout-flow\" style=\"border-color:var(--wp--preset--color--accent-6);border-width:1px;border-radius:10px;padding-top:var(--wp--preset--spacing--50);padding-right:var(--wp--preset--spacing--50);padding-bottom:var(--wp--preset--spacing--50);padding-left:var(--wp--preset--spacing--50)\">\n<h3 class=\"wp-block-heading\" id=\"single\">Organisation<\/h3>\n\n\n\n<p class=\"has-large-font-size\">100\u20ac\/\u00e5r<\/p>\n\n\n\n<ul style=\"padding-bottom:var(--wp--preset--spacing--20);padding-left:var(--wp--preset--spacing--20)\" class=\"wp-block-list is-style-checkmark-list has-small-font-size\">\n<li>Bli medlem<\/li>\n\n\n\n<li>Nyhetsbrev<\/li>\n\n\n\n<li><\/li>\n\n\n\n<li><\/li>\n\n\n\n<li><\/li>\n\n\n\n<li><\/li>\n<\/ul>\n\n\n\n<div class=\"wp-block-buttons is-content-justification-center is-layout-flex wp-container-core-buttons-is-layout-a89b3969 wp-block-buttons-is-layout-flex\">\n<div class=\"wp-block-button has-custom-width wp-block-button__width-100\"><a class=\"wp-block-button__link wp-element-button\">Bli medlem<\/a><\/div>\n<\/div>\n<\/div>\n<\/div>\n<\/div>\n\n\n\n<p><\/p>\n\n\n\n<div class=\"wp-block-group alignfull has-global-padding is-layout-constrained wp-block-group-is-layout-constrained\" style=\"margin-top:0;margin-bottom:0;padding-top:var(--wp--preset--spacing--50);padding-bottom:var(--wp--preset--spacing--50)\">\n<div class=\"wp-block-group alignwide has-global-padding is-layout-constrained wp-block-group-is-layout-constrained\">\n<h2 class=\"wp-block-heading alignfull has-text-align-left has-xx-large-font-size\"><\/h2>\n\n\n\n<div class=\"wp-block-group has-global-padding is-layout-constrained wp-block-group-is-layout-constrained\" style=\"padding-top:var(--wp--preset--spacing--60);padding-bottom:var(--wp--preset--spacing--50)\">\n<div class=\"wp-block-group alignwide is-layout-flow wp-block-group-is-layout-flow\"><div class=\"is-default-size wp-block-site-logo\"><a href=\"https:\/\/www.jamlikbarndom.fi\/\" class=\"custom-logo-link\" rel=\"home\"><img loading=\"lazy\" decoding=\"async\" width=\"200\" height=\"185\" src=\"https:\/\/www.jamlikbarndom.fi\/wp-content\/uploads\/2026\/03\/tasavertainen_lapsuus_logo-1-2-e1773670870760.jpg\" class=\"custom-logo\" alt=\"J\u00c4MLIK BARNDOM R.f\" \/><\/a><\/div>\n\n\n<div class=\"wp-block-group alignfull is-content-justification-space-between is-layout-flex wp-container-core-group-is-layout-e5edad21 wp-block-group-is-layout-flex\">\n<div class=\"wp-block-columns is-layout-flex wp-container-core-columns-is-layout-28f84493 wp-block-columns-is-layout-flex\">\n<div class=\"wp-block-column is-layout-flow wp-block-column-is-layout-flow\" style=\"flex-basis:100%\"><h2 class=\"wp-block-site-title\"><a href=\"https:\/\/www.jamlikbarndom.fi\" target=\"_self\" rel=\"home\">J\u00c4MLIK BARNDOM R.f<\/a><\/h2>\n\n<p class=\"wp-block-site-tagline\">info@jamlikbarndom.fi \u00a0|  050 337 2165   <\/p><\/div>\n\n\n\n<div class=\"wp-block-column is-layout-flow wp-block-column-is-layout-flow\">\n<div style=\"height:var(--wp--preset--spacing--40);width:0px\" aria-hidden=\"true\" class=\"wp-block-spacer\"><\/div>\n<\/div>\n<\/div>\n\n\n\n<div class=\"wp-block-group is-content-justification-space-between is-layout-flex wp-container-core-group-is-layout-570722b2 wp-block-group-is-layout-flex\"><nav class=\"is-vertical wp-block-navigation is-layout-flex wp-container-core-navigation-is-layout-fe9cc265 wp-block-navigation-is-layout-flex\"><ul class=\"wp-block-navigation__container  is-vertical wp-block-navigation\"><li class=\" wp-block-navigation-item wp-block-navigation-link\"><a class=\"wp-block-navigation-item__content\"  href=\"#\"><span class=\"wp-block-navigation-item__label\">Blog<\/span><\/a><\/li><li class=\" wp-block-navigation-item wp-block-navigation-link\"><a class=\"wp-block-navigation-item__content\"  href=\"#\"><span class=\"wp-block-navigation-item__label\">Tietoa<\/span><\/a><\/li><li class=\" wp-block-navigation-item wp-block-navigation-link\"><a class=\"wp-block-navigation-item__content\"  href=\"#\"><span class=\"wp-block-navigation-item__label\">FAQs<\/span><\/a><\/li><li class=\" wp-block-navigation-item wp-block-navigation-link\"><a class=\"wp-block-navigation-item__content\"  href=\"#\"><span class=\"wp-block-navigation-item__label\">Authors<\/span><\/a><\/li><\/ul><\/nav>\n\n<nav class=\"is-vertical wp-block-navigation is-layout-flex wp-container-core-navigation-is-layout-fe9cc265 wp-block-navigation-is-layout-flex\"><ul class=\"wp-block-navigation__container  is-vertical wp-block-navigation\"><li class=\" wp-block-navigation-item wp-block-navigation-link\"><a class=\"wp-block-navigation-item__content\"  href=\"#\"><span class=\"wp-block-navigation-item__label\">Events<\/span><\/a><\/li><li class=\" wp-block-navigation-item wp-block-navigation-link\"><a class=\"wp-block-navigation-item__content\"  href=\"#\"><span class=\"wp-block-navigation-item__label\">Shop<\/span><\/a><\/li><li class=\" wp-block-navigation-item wp-block-navigation-link\"><a class=\"wp-block-navigation-item__content\"  href=\"#\"><span class=\"wp-block-navigation-item__label\">Patterns<\/span><\/a><\/li><li class=\" wp-block-navigation-item wp-block-navigation-link\"><a class=\"wp-block-navigation-item__content\"  href=\"#\"><span class=\"wp-block-navigation-item__label\">Themes<\/span><\/a><\/li><\/ul><\/nav><\/div>\n<\/div>\n\n\n\n<div style=\"height:var(--wp--preset--spacing--70)\" aria-hidden=\"true\" class=\"wp-block-spacer\"><\/div>\n\n\n\n<div class=\"wp-block-group alignfull is-content-justification-space-between is-layout-flex wp-container-core-group-is-layout-91e87306 wp-block-group-is-layout-flex\">\n<p class=\"has-small-font-size\"><\/p>\n\n\n\n<p class=\"has-small-font-size\"><\/p>\n<\/div>\n<\/div>\n<\/div>\n<\/div>\n<\/div>\n\n\n\n<p>050 337 2165<\/p>\n\n\n\n<p>info@jamlikbarndom.fi<\/p>\n\n\n\n<p><\/p>\n","protected":false},"excerpt":{"rendered":"<p>Vad \u00e4r J\u00e4mlik Barndom? J\u00e4mlik Barndom r.f. \u00e4r en tv\u00e5spr\u00e5kig f\u00f6rening som arbetar nationellt f\u00f6r att f\u00f6rebygga och bek\u00e4mpa barnfattigdom, med s\u00e4rskilt fokus p\u00e5 att ge alla barn tillg\u00e5ng till fritids-, kultur- och rekreationsupplevelser. Genom st\u00f6d, information och nya l\u00f6sningar vill vi skapa mer j\u00e4mlika m\u00f6jligheter till en trygg och meningsfull barndom f\u00f6r alla barn [&hellip;]<\/p>\n","protected":false},"author":1,"featured_media":0,"parent":0,"menu_order":0,"comment_status":"closed","ping_status":"closed","template":"","meta":{"footnotes":""},"class_list":["post-27","page","type-page","status-publish","hentry"],"_links":{"self":[{"href":"https:\/\/www.jamlikbarndom.fi\/index.php\/wp-json\/wp\/v2\/pages\/27","targetHints":{"allow":["GET"]}}],"collection":[{"href":"https:\/\/www.jamlikbarndom.fi\/index.php\/wp-json\/wp\/v2\/pages"}],"about":[{"href":"https:\/\/www.jamlikbarndom.fi\/index.php\/wp-json\/wp\/v2\/types\/page"}],"author":[{"embeddable":true,"href":"https:\/\/www.jamlikbarndom.fi\/index.php\/wp-json\/wp\/v2\/users\/1"}],"replies":[{"embeddable":true,"href":"https:\/\/www.jamlikbarndom.fi\/index.php\/wp-json\/wp\/v2\/comments?post=27"}],"version-history":[{"count":6,"href":"https:\/\/www.jamlikbarndom.fi\/index.php\/wp-json\/wp\/v2\/pages\/27\/revisions"}],"predecessor-version":[{"id":51,"href":"https:\/\/www.jamlikbarndom.fi\/index.php\/wp-json\/wp\/v2\/pages\/27\/revisions\/51"}],"wp:attachment":[{"href":"https:\/\/www.jamlikbarndom.fi\/index.php\/wp-json\/wp\/v2\/media?parent=27"}],"curies":[{"name":"wp","href":"https:\/\/api.w.org\/{rel}","templated":true}]}}